{"id":19,"date":"2014-06-03T12:33:08","date_gmt":"2014-06-03T12:33:08","guid":{"rendered":"http:\/\/koopmannkommunikation.de\/dekontaktencontact"},"modified":"2020-01-30T08:21:55","modified_gmt":"2020-01-30T07:21:55","slug":"kontakt","status":"publish","type":"page","link":"https:\/\/koopmannkommunikation.de\/en\/kontakt\/","title":{"rendered":"Contact"},"content":{"rendered":"<p><\/p>\n<p><span style=\"font-family: Verdana,Helvetica,Arial;\"><i><br \/>\n<\/i><\/span>The office of Koopmann.kommunikation is located on Kurf\u00fcrstendamm 193G in Berlin-Charlottenburg, corner Schl\u00fcterstra\u00dfe.<\/p>\n<p>Koopmann.kommunikation<br \/>\nHans Peter Koopmann<br \/>\nKurf\u00fcrstendamm 193G<br \/>\n10707 Berlin<br \/>\nGermany<\/p>\n<p>Tel. +49-171-45 77 889<br \/>\npost@koopmannkommunikation.de<\/p>\n<p>VAT ID No.: DE225921863<\/p>\n<p>&nbsp;<\/p>\n<div id=\"wpgmza_map\" class=\"wpgmza_map\" data-settings='{\"id\":\"1\",\"map_title\":\"\",\"map_width\":\"100\",\"map_height\":\"400\",\"map_start_lat\":\"52.511480\",\"map_start_lng\":\"13.321290\",\"map_start_location\":\"52.51148,13.321289999999976\",\"map_start_zoom\":\"13\",\"default_marker\":\"0\",\"type\":\"1\",\"alignment\":\"1\",\"directions_enabled\":\"1\",\"styling_enabled\":\"0\",\"styling_json\":\"\",\"active\":\"0\",\"kml\":\"\",\"bicycle\":\"0\",\"traffic\":\"0\",\"dbox\":\"1\",\"dbox_width\":\"250\",\"listmarkers\":\"0\",\"listmarkers_advanced\":\"0\",\"filterbycat\":\"0\",\"ugm_enabled\":\"0\",\"ugm_category_enabled\":\"0\",\"fusion\":\"\",\"map_width_type\":\"\\\\%\",\"map_height_type\":\"px\",\"mass_marker_support\":\"1\",\"ugm_access\":\"0\",\"order_markers_by\":\"1\",\"order_markers_choice\":\"2\",\"show_user_location\":\"0\",\"default_to\":\"\",\"other_settings\":{\"store_locator_enabled\":2,\"store_locator_distance\":2,\"store_locator_bounce\":1,\"store_locator_query_string\":\"ZIP \\\/ Address:\",\"wpgmza_store_locator_restrict\":\"\",\"map_max_zoom\":\"1\",\"transport_layer\":0}}' data-map-id='1' Data-maps-engine='' data-shortcode-attributes='{\"id\":\"1\"}' style=\"display:block; overflow:auto; width:100%; height:400px; float:left;\"><\/div>\n<p><\/p>","protected":false},"excerpt":{"rendered":"<p>The office of Koopmann.kommunikation is located on Kurf\u00fcrstendamm 193G in Berlin-Charlottenburg, corner Schl\u00fcterstra\u00dfe. Koopmann.kommunikation Hans Peter Koopmann Kurf\u00fcrstendamm 193G 10707 Berlin Germany Tel. +49-171-45 77 889 post@koopmannkommunikation.de VAT ID No.: DE225921863 &nbsp; \u00a0 \u00a0<\/p>\n","protected":false},"author":1,"featured_media":0,"parent":0,"menu_order":0,"comment_status":"closed","ping_status":"closed","template":"","meta":[],"_links":{"self":[{"href":"https:\/\/koopmannkommunikation.de\/en\/wp-json\/wp\/v2\/pages\/19"}],"collection":[{"href":"https:\/\/koopmannkommunikation.de\/en\/wp-json\/wp\/v2\/pages"}],"about":[{"href":"https:\/\/koopmannkommunikation.de\/en\/wp-json\/wp\/v2\/types\/page"}],"author":[{"embeddable":true,"href":"https:\/\/koopmannkommunikation.de\/en\/wp-json\/wp\/v2\/users\/1"}],"replies":[{"embeddable":true,"href":"https:\/\/koopmannkommunikation.de\/en\/wp-json\/wp\/v2\/comments?post=19"}],"version-history":[{"count":27,"href":"https:\/\/koopmannkommunikation.de\/en\/wp-json\/wp\/v2\/pages\/19\/revisions"}],"predecessor-version":[{"id":784,"href":"https:\/\/koopmannkommunikation.de\/en\/wp-json\/wp\/v2\/pages\/19\/revisions\/784"}],"wp:attachment":[{"href":"https:\/\/koopmannkommunikation.de\/en\/wp-json\/wp\/v2\/media?parent=19"}],"curies":[{"name":"wp","href":"https:\/\/api.w.org\/{rel}","templated":true}]}}